{"id":232,"date":"2025-06-20T13:31:14","date_gmt":"2025-06-20T17:31:14","guid":{"rendered":"https:\/\/abinapp.abinsrl.com\/?page_id=232"},"modified":"2025-06-20T13:31:14","modified_gmt":"2025-06-20T17:31:14","slug":"contactanos","status":"publish","type":"page","link":"https:\/\/abinapp.abinsrl.com\/index.php\/contactanos\/","title":{"rendered":"Cont\u00e1ctanos"},"content":{"rendered":"\n<div class=\"wp-block-cover alignfull is-light hero-pattern\" style=\"min-height:34rem;aspect-ratio:unset;\"><span aria-hidden=\"true\" class=\"wp-block-cover__background has-background-dim-100 has-background-dim\" style=\"background-color:#f5f7fa\"><\/span><div class=\"wp-block-cover__inner-container is-layout-flow wp-block-cover-is-layout-flow\">\n<div class=\"wp-block-group is-layout-constrained wp-block-group-is-layout-constrained\">\n<div class=\"wp-block-columns alignwide p-animation-text-moveUp is-layout-flex wp-container-core-columns-is-layout-1b715042 wp-block-columns-is-layout-flex\">\n<div class=\"wp-block-column is-vertically-aligned-center is-layout-flow wp-block-column-is-layout-flow\">\n<h1 class=\"wp-block-heading has-text-primary-color has-text-color\">Software para la administraci\u00f3n de Condominios y Edificios<\/h1>\n\n\n\n<div style=\"height:8px\" aria-hidden=\"true\" class=\"wp-block-spacer\"><\/div>\n\n\n\n<p class=\"has-text-primary-color has-text-color\">Administra tu condominio con abin:<\/p>\n\n\n\n<ul class=\"wp-block-list\">\n<li><strong>Evita desfalcos,<\/strong> a trav\u00e9s del <strong>f\u00e1cil acceso a la informaci\u00f3n<\/strong> contable haz m\u00e1s transparente tu gesti\u00f3n.<\/li>\n\n\n\n<li><strong>Disminuye la Mora,<\/strong> mediante la <strong>Gesti\u00f3n autom\u00e1tica de cobranzas.<\/strong><\/li>\n\n\n\n<li><strong>Ahorra tiempo,<\/strong> automatiza procesos y dedica tu tiempo en tareas m\u00e1s importantes.<\/li>\n<\/ul>\n\n\n\n<div style=\"height:16px\" aria-hidden=\"true\" class=\"wp-block-spacer\"><\/div>\n\n\n\n<div class=\"wp-block-buttons is-layout-flex wp-block-buttons-is-layout-flex\">\n<div class=\"wp-block-button\"><a class=\"wp-block-button__link wp-element-button\" href=\"https:\/\/web.abinsrl.com\/auth\/login\" target=\"_blank\" rel=\"noreferrer noopener\"><span>S<\/span>olicita tu demo<\/a><\/div>\n\n\n\n<div class=\"wp-block-button is-style-fill\"><a class=\"wp-block-button__link has-black-color has-text-color has-background wp-element-button\" href=\"https:\/\/meetings.hubspot.com\/fchacon-balderrama\" style=\"border-radius:3px;background-color:#ebeefc\" target=\"_blank\" rel=\"noreferrer noopener\"><span>A<\/span>genda una Reuni\u00f3n<\/a><\/div>\n<\/div>\n<\/div>\n\n\n\n<div class=\"wp-block-column is-vertically-aligned-top is-layout-flow wp-block-column-is-layout-flow\">\n<div class=\"wp-block-leadin-hubspot-form-block\">\n\t\t\t\t\t<script>\n\t\t\t\t\t\twindow.hsFormsOnReady = window.hsFormsOnReady || [];\n\t\t\t\t\t\twindow.hsFormsOnReady.push(()=>{\n\t\t\t\t\t\t\thbspt.forms.create({\n\t\t\t\t\t\t\t\tportalId: 40099105,\n\t\t\t\t\t\t\t\tformId: \"cd0132ad-c9b9-4149-a0ae-2e3ffcb3de69\",\n\t\t\t\t\t\t\t\ttarget: \"#hbspt-form-1777519689000-9816452911\",\n\t\t\t\t\t\t\t\tregion: \"na1\",\n\t\t\t\t\t\t\t\t\n\t\t\t\t\t\t})});\n\t\t\t\t\t<\/script>\n\t\t\t\t\t<div class=\"hbspt-form\" id=\"hbspt-form-1777519689000-9816452911\"><\/div><\/div>\n<\/div>\n<\/div>\n<\/div>\n<\/div><\/div>\n\n\n\n<div class=\"wp-block-cover alignfull has-parallax\"><div class=\"wp-block-cover__image-background wp-image-77 has-parallax\" style=\"background-position:50% 50%;background-image:url(https:\/\/abinapp.abinsrl.com\/wp-content\/uploads\/2024\/12\/abin-administracion-condominios.jpg)\"><\/div><span aria-hidden=\"true\" class=\"wp-block-cover__background has-background-dim-10 has-background-dim\" style=\"background-color:#6e6e77\"><\/span><div class=\"wp-block-cover__inner-container is-layout-flow wp-block-cover-is-layout-flow\">\n<div class=\"wp-block-group p-animation-text-transform is-layout-constrained wp-block-group-is-layout-constrained\">\n<h2 class=\"wp-block-heading has-text-align-center has-white-color has-text-color has-x-large-font-size\">\u00bfQuieres a tu Condominio feliz?<\/h2>\n\n\n\n<div style=\"height:8px\" aria-hidden=\"true\" class=\"wp-block-spacer\"><\/div>\n\n\n\n<div class=\"wp-block-buttons is-layout-flex wp-block-buttons-is-layout-flex\">\n<div class=\"wp-block-button aligncenter p-btn-animation-border-move p-animation-text-transform is-style-fill\"><a class=\"wp-block-button__link wp-element-button\" href=\"https:\/\/api.whatsapp.com\/send?phone=59172239684&amp;text=Hola%20vi%20la%20plataforma%20de%20gesti%C3%B3n%20de%20condominios%20desde%20tu%20pagina%20web%20y%20me%20gustar%C3%ADa%20poder%20agendar%20una%20reuni%C3%B3n%20virtual%20explicativa.&amp;source=&amp;data=\" target=\"_blank\" rel=\"noreferrer noopener\"><span><strong>Contacta con nosotros<\/strong><\/span><\/a><\/div>\n<\/div>\n<\/div>\n<\/div><\/div>\n","protected":false},"excerpt":{"rendered":"","protected":false},"author":1,"featured_media":0,"parent":0,"menu_order":0,"comment_status":"closed","ping_status":"closed","template":"","meta":{"content-type":"","footnotes":""},"class_list":["post-232","page","type-page","status-publish","hentry"],"_links":{"self":[{"href":"https:\/\/abinapp.abinsrl.com\/index.php\/wp-json\/wp\/v2\/pages\/232","targetHints":{"allow":["GET"]}}],"collection":[{"href":"https:\/\/abinapp.abinsrl.com\/index.php\/wp-json\/wp\/v2\/pages"}],"about":[{"href":"https:\/\/abinapp.abinsrl.com\/index.php\/wp-json\/wp\/v2\/types\/page"}],"author":[{"embeddable":true,"href":"https:\/\/abinapp.abinsrl.com\/index.php\/wp-json\/wp\/v2\/users\/1"}],"replies":[{"embeddable":true,"href":"https:\/\/abinapp.abinsrl.com\/index.php\/wp-json\/wp\/v2\/comments?post=232"}],"version-history":[{"count":2,"href":"https:\/\/abinapp.abinsrl.com\/index.php\/wp-json\/wp\/v2\/pages\/232\/revisions"}],"predecessor-version":[{"id":235,"href":"https:\/\/abinapp.abinsrl.com\/index.php\/wp-json\/wp\/v2\/pages\/232\/revisions\/235"}],"wp:attachment":[{"href":"https:\/\/abinapp.abinsrl.com\/index.php\/wp-json\/wp\/v2\/media?parent=232"}],"curies":[{"name":"wp","href":"https:\/\/api.w.org\/{rel}","templated":true}]}}